{"id":940,"date":"2024-09-17T17:45:59","date_gmt":"2024-09-17T17:45:59","guid":{"rendered":"https:\/\/filtshop.dk\/?post_type=product&#038;p=940"},"modified":"2024-09-17T19:43:51","modified_gmt":"2024-09-17T19:43:51","slug":"hobbyfilt-i-ark-roed","status":"publish","type":"product","link":"https:\/\/filtshop.dk\/index.php\/vare\/hobbyfilt-i-ark-roed\/","title":{"rendered":"Hobbyfilt i ark R\u00d8D"},"content":{"rendered":"<p>Hobbyfilt udstanset i ark p\u00e5 ca. 20x30cm, klar til at klippe i mm. F\u00e5s i mange forskellige farver.<br \/>\n1 pakke indeholder 5 ark i samme farve.<\/p>\n","protected":false},"excerpt":{"rendered":"<p>5 ark hobbyfilt i samme farve. Hvert ark er 20x30cm, tykkelse ca 1 mm.<\/p>\n","protected":false},"featured_media":534,"template":"","meta":[],"product_cat":[15,27],"product_tag":[],"class_list":{"0":"post-940","1":"product","2":"type-product","3":"status-publish","4":"has-post-thumbnail","6":"product_cat-filt-gaver","7":"product_cat-hobbyfilt","9":"first","10":"instock","11":"sale","12":"taxable","13":"shipping-taxable","14":"purchasable","15":"product-type-simple"},"_links":{"self":[{"href":"https:\/\/filtshop.dk\/index.php\/wp-json\/wp\/v2\/product\/940","targetHints":{"allow":["GET"]}}],"collection":[{"href":"https:\/\/filtshop.dk\/index.php\/wp-json\/wp\/v2\/product"}],"about":[{"href":"https:\/\/filtshop.dk\/index.php\/wp-json\/wp\/v2\/types\/product"}],"wp:featuredmedia":[{"embeddable":true,"href":"https:\/\/filtshop.dk\/index.php\/wp-json\/wp\/v2\/media\/534"}],"wp:attachment":[{"href":"https:\/\/filtshop.dk\/index.php\/wp-json\/wp\/v2\/media?parent=940"}],"wp:term":[{"taxonomy":"product_cat","embeddable":true,"href":"https:\/\/filtshop.dk\/index.php\/wp-json\/wp\/v2\/product_cat?post=940"},{"taxonomy":"product_tag","embeddable":true,"href":"https:\/\/filtshop.dk\/index.php\/wp-json\/wp\/v2\/product_tag?post=940"}],"curies":[{"name":"wp","href":"https:\/\/api.w.org\/{rel}","templated":true}]}}