{"id":1159,"date":"2024-10-21T07:54:16","date_gmt":"2024-10-21T07:54:16","guid":{"rendered":"https:\/\/filtshop.dk\/?post_type=product&#038;p=1159"},"modified":"2024-10-21T07:59:14","modified_gmt":"2024-10-21T07:59:14","slug":"rondel-1xoe40mm-sort-selvklaebende","status":"publish","type":"product","link":"https:\/\/filtshop.dk\/index.php\/vare\/rondel-1xoe40mm-sort-selvklaebende\/","title":{"rendered":"Rondel 1x55mm sort selvkl\u00e6bende"},"content":{"rendered":"","protected":false},"excerpt":{"rendered":"<p>Rondel 1x\u00d855mm sort selvkl\u00e6bende pr. 100 stk.<\/p>\n","protected":false},"featured_media":1156,"template":"","meta":[],"product_cat":[19],"product_tag":[],"class_list":{"0":"post-1159","1":"product","2":"type-product","3":"status-publish","4":"has-post-thumbnail","6":"product_cat-filtpoter","8":"first","9":"instock","10":"sale","11":"virtual","12":"taxable","13":"purchasable","14":"product-type-simple"},"_links":{"self":[{"href":"https:\/\/filtshop.dk\/index.php\/wp-json\/wp\/v2\/product\/1159","targetHints":{"allow":["GET"]}}],"collection":[{"href":"https:\/\/filtshop.dk\/index.php\/wp-json\/wp\/v2\/product"}],"about":[{"href":"https:\/\/filtshop.dk\/index.php\/wp-json\/wp\/v2\/types\/product"}],"wp:featuredmedia":[{"embeddable":true,"href":"https:\/\/filtshop.dk\/index.php\/wp-json\/wp\/v2\/media\/1156"}],"wp:attachment":[{"href":"https:\/\/filtshop.dk\/index.php\/wp-json\/wp\/v2\/media?parent=1159"}],"wp:term":[{"taxonomy":"product_cat","embeddable":true,"href":"https:\/\/filtshop.dk\/index.php\/wp-json\/wp\/v2\/product_cat?post=1159"},{"taxonomy":"product_tag","embeddable":true,"href":"https:\/\/filtshop.dk\/index.php\/wp-json\/wp\/v2\/product_tag?post=1159"}],"curies":[{"name":"wp","href":"https:\/\/api.w.org\/{rel}","templated":true}]}}