{"id":1128,"date":"2024-10-18T11:45:58","date_gmt":"2024-10-18T11:45:58","guid":{"rendered":"https:\/\/filtshop.dk\/?post_type=product&#038;p=1128"},"modified":"2024-10-18T11:48:35","modified_gmt":"2024-10-18T11:48:35","slug":"rondel-3xoe25mm-hvid-selvklaebende","status":"publish","type":"product","link":"https:\/\/filtshop.dk\/index.php\/vare\/rondel-3xoe25mm-hvid-selvklaebende\/","title":{"rendered":"Rondel 3x\u00f825mm hvid selvkl\u00e6bende"},"content":{"rendered":"","protected":false},"excerpt":{"rendered":"<p>Rondel selvkl\u00e6bende 3x\u00f825mm hvid<\/p>\n","protected":false},"featured_media":969,"template":"","meta":[],"product_cat":[19],"product_tag":[],"class_list":{"0":"post-1128","1":"product","2":"type-product","3":"status-publish","4":"has-post-thumbnail","6":"product_cat-filtpoter","8":"first","9":"instock","10":"taxable","11":"shipping-taxable","12":"purchasable","13":"product-type-simple"},"_links":{"self":[{"href":"https:\/\/filtshop.dk\/index.php\/wp-json\/wp\/v2\/product\/1128","targetHints":{"allow":["GET"]}}],"collection":[{"href":"https:\/\/filtshop.dk\/index.php\/wp-json\/wp\/v2\/product"}],"about":[{"href":"https:\/\/filtshop.dk\/index.php\/wp-json\/wp\/v2\/types\/product"}],"wp:featuredmedia":[{"embeddable":true,"href":"https:\/\/filtshop.dk\/index.php\/wp-json\/wp\/v2\/media\/969"}],"wp:attachment":[{"href":"https:\/\/filtshop.dk\/index.php\/wp-json\/wp\/v2\/media?parent=1128"}],"wp:term":[{"taxonomy":"product_cat","embeddable":true,"href":"https:\/\/filtshop.dk\/index.php\/wp-json\/wp\/v2\/product_cat?post=1128"},{"taxonomy":"product_tag","embeddable":true,"href":"https:\/\/filtshop.dk\/index.php\/wp-json\/wp\/v2\/product_tag?post=1128"}],"curies":[{"name":"wp","href":"https:\/\/api.w.org\/{rel}","templated":true}]}}