{"id":1127,"date":"2024-10-18T11:41:15","date_gmt":"2024-10-18T11:41:15","guid":{"rendered":"https:\/\/filtshop.dk\/?post_type=product&#038;p=1127"},"modified":"2024-10-18T11:45:27","modified_gmt":"2024-10-18T11:45:27","slug":"rondel-3xoe20mm-hvid-selvklaebende","status":"publish","type":"product","link":"https:\/\/filtshop.dk\/index.php\/vare\/rondel-3xoe20mm-hvid-selvklaebende\/","title":{"rendered":"Rondel 3x\u00f820mm hvid selvkl\u00e6bende"},"content":{"rendered":"","protected":false},"excerpt":{"rendered":"<p>Rondel selvkl\u00e6bende 3x\u00f815mm hvid, p\u00e5 ark m\/20 stk.<\/p>\n","protected":false},"featured_media":968,"template":"","meta":[],"product_cat":[19],"product_tag":[],"class_list":{"0":"post-1127","1":"product","2":"type-product","3":"status-publish","4":"has-post-thumbnail","6":"product_cat-filtpoter","8":"first","9":"instock","10":"taxable","11":"shipping-taxable","12":"purchasable","13":"product-type-simple"},"_links":{"self":[{"href":"https:\/\/filtshop.dk\/index.php\/wp-json\/wp\/v2\/product\/1127","targetHints":{"allow":["GET"]}}],"collection":[{"href":"https:\/\/filtshop.dk\/index.php\/wp-json\/wp\/v2\/product"}],"about":[{"href":"https:\/\/filtshop.dk\/index.php\/wp-json\/wp\/v2\/types\/product"}],"wp:featuredmedia":[{"embeddable":true,"href":"https:\/\/filtshop.dk\/index.php\/wp-json\/wp\/v2\/media\/968"}],"wp:attachment":[{"href":"https:\/\/filtshop.dk\/index.php\/wp-json\/wp\/v2\/media?parent=1127"}],"wp:term":[{"taxonomy":"product_cat","embeddable":true,"href":"https:\/\/filtshop.dk\/index.php\/wp-json\/wp\/v2\/product_cat?post=1127"},{"taxonomy":"product_tag","embeddable":true,"href":"https:\/\/filtshop.dk\/index.php\/wp-json\/wp\/v2\/product_tag?post=1127"}],"curies":[{"name":"wp","href":"https:\/\/api.w.org\/{rel}","templated":true}]}}