{"id":1123,"date":"2024-10-18T11:10:24","date_gmt":"2024-10-18T11:10:24","guid":{"rendered":"https:\/\/filtshop.dk\/?post_type=product&#038;p=1123"},"modified":"2024-10-18T11:24:24","modified_gmt":"2024-10-18T11:24:24","slug":"160076-filt-3xoe15mm-hvid-ark-m-20-stk","status":"publish","type":"product","link":"https:\/\/filtshop.dk\/index.php\/vare\/160076-filt-3xoe15mm-hvid-ark-m-20-stk\/","title":{"rendered":"Rondel 3x\u00f815mm hvid ark m\/20 stk."},"content":{"rendered":"","protected":false},"excerpt":{"rendered":"<p>Rondel selvkl\u00e6bende 3x\u00f815mm hvid, p\u00e5 ark m\/20 stk.<\/p>\n","protected":false},"featured_media":978,"template":"","meta":[],"product_cat":[19],"product_tag":[],"class_list":{"0":"post-1123","1":"product","2":"type-product","3":"status-publish","4":"has-post-thumbnail","6":"product_cat-filtpoter","8":"first","9":"outofstock","10":"sale","11":"taxable","12":"shipping-taxable","13":"purchasable","14":"product-type-simple"},"_links":{"self":[{"href":"https:\/\/filtshop.dk\/index.php\/wp-json\/wp\/v2\/product\/1123","targetHints":{"allow":["GET"]}}],"collection":[{"href":"https:\/\/filtshop.dk\/index.php\/wp-json\/wp\/v2\/product"}],"about":[{"href":"https:\/\/filtshop.dk\/index.php\/wp-json\/wp\/v2\/types\/product"}],"wp:featuredmedia":[{"embeddable":true,"href":"https:\/\/filtshop.dk\/index.php\/wp-json\/wp\/v2\/media\/978"}],"wp:attachment":[{"href":"https:\/\/filtshop.dk\/index.php\/wp-json\/wp\/v2\/media?parent=1123"}],"wp:term":[{"taxonomy":"product_cat","embeddable":true,"href":"https:\/\/filtshop.dk\/index.php\/wp-json\/wp\/v2\/product_cat?post=1123"},{"taxonomy":"product_tag","embeddable":true,"href":"https:\/\/filtshop.dk\/index.php\/wp-json\/wp\/v2\/product_tag?post=1123"}],"curies":[{"name":"wp","href":"https:\/\/api.w.org\/{rel}","templated":true}]}}